{"id":3,"date":"2024-06-10T21:40:52","date_gmt":"2024-06-10T21:40:52","guid":{"rendered":"http:\/\/atmastudio.online\/?page_id=3"},"modified":"2024-09-06T21:18:08","modified_gmt":"2024-09-06T21:18:08","slug":"privacy-policy","status":"publish","type":"page","link":"https:\/\/atmastudio.online\/pl\/polityka-prywatnosci\/","title":{"rendered":"Polityka prywatno\u015bci"},"content":{"rendered":"<div data-elementor-type=\"wp-page\" data-elementor-id=\"3\" class=\"elementor elementor-3\" data-elementor-post-type=\"page\">\n\t\t\t\t<div class=\"elementor-element elementor-element-7dc71f85 e-con-full e-flex e-con e-parent\" data-id=\"7dc71f85\" data-element_type=\"container\" data-settings=\"{&quot;ekit_has_onepagescroll_dot&quot;:&quot;yes&quot;}\">\n\t\t<div class=\"elementor-element elementor-element-f3fa8d0 e-con-full e-flex elementor-invisible e-con e-child\" data-id=\"f3fa8d0\" data-element_type=\"container\" data-settings=\"{&quot;animation&quot;:&quot;fadeIn&quot;,&quot;animation_delay&quot;:0,&quot;ekit_has_onepagescroll_dot&quot;:&quot;yes&quot;}\">\n\t\t\t\t<div class=\"elementor-element elementor-element-eb5f6f6 elementor-widget elementor-widget-heading\" data-id=\"eb5f6f6\" data-element_type=\"widget\" data-settings=\"{&quot;ekit_we_effect_on&quot;:&quot;none&quot;}\" data-widget_type=\"heading.default\">\n\t\t\t\t<div class=\"elementor-widget-container\">\n\t\t\t\t\t<h2 class=\"elementor-heading-title elementor-size-default\">Polityka prywatno\u015bci\n<\/h2>\t\t\t\t<\/div>\n\t\t\t\t<\/div>\n\t\t\t\t<div class=\"elementor-element elementor-element-f2e999d elementor-widget__width-initial elementor-widget-mobile__width-inherit elementor-widget elementor-widget-text-editor\" data-id=\"f2e999d\" data-element_type=\"widget\" data-settings=\"{&quot;ekit_we_effect_on&quot;:&quot;none&quot;}\" data-widget_type=\"text-editor.default\">\n\t\t\t\t<div class=\"elementor-widget-container\">\n\t\t\t\t\t\t\t\t\t<p class=\"sm-text\">Prosimy o uwa\u017cne zapoznanie si\u0119 z niniejszymi warunkami przed rozpocz\u0119ciem korzystania z witryny. Je\u015bli nie zgadzasz si\u0119 z tymi warunkami, nie korzystaj z tej witryny.<\/p>\t\t\t\t\t\t\t\t<\/div>\n\t\t\t\t<\/div>\n\t\t\t\t<\/div>\n\t\t\t\t<div class=\"elementor-element elementor-element-e48f8bc elementor-widget__width-inherit elementor-widget-mobile__width-inherit elementor-widget elementor-widget-text-editor\" data-id=\"e48f8bc\" data-element_type=\"widget\" data-settings=\"{&quot;ekit_we_effect_on&quot;:&quot;none&quot;}\" data-widget_type=\"text-editor.default\">\n\t\t\t\t<div class=\"elementor-widget-container\">\n\t\t\t\t\t\t\t\t\t<p class=\"p1\">Administratorem danych jest:<\/p><p class=\"p1\">Atma Studio Jogi<br \/>Hanna Lyzanets<br \/>NIP 5732857659 42-229 Cz\u0119stochowa ul. Jana D\u0105borowskiego 7 Regon 528436763 \u00a0<br \/>Czas tych dni jest zgodny ze specyfikacj\u0105 uk\u0142adu nap\u0119dowego.\u00a0<\/p>\t\t\t\t\t\t\t\t<\/div>\n\t\t\t\t<\/div>\n\t\t\t\t<div class=\"elementor-element elementor-element-a6e92a4 elementor-widget__width-inherit elementor-widget-mobile__width-inherit elementor-widget elementor-widget-text-editor\" data-id=\"a6e92a4\" data-element_type=\"widget\" data-settings=\"{&quot;ekit_we_effect_on&quot;:&quot;none&quot;}\" data-widget_type=\"text-editor.default\">\n\t\t\t\t<div class=\"elementor-widget-container\">\n\t\t\t\t\t\t\t\t\t<h4 class=\"h3\">Wprowadzenie<\/h4>\n<p class=\"sm-text\">Prywatno\u015b\u0107 u\u017cytkownik\u00f3w witryny <a href=\"https:\/\/atmastudio.online\/pl\/\">https:\/\/atmastudio.online\/<\/a>\u00a0s\u0105 dla nas bardzo wa\u017cne i zobowi\u0105zujemy si\u0119 do ich ochrony. Niniejsza polityka wyja\u015bnia, jakie dane zbieramy o u\u017cytkowniku, do czego ich u\u017cywamy, jak d\u0142ugo je przechowujemy i jak mo\u017cna je zmieni\u0107 lub usun\u0105\u0107.<\/p>\n<p>Uwaga: Korzystanie z niniejszej witryny internetowej, w tym wype\u0142nianie r\u00f3\u017cnych formularzy, wniosk\u00f3w, a tak\u017ce zamawianie us\u0142ug za jej po\u015brednictwem, oznacza wyra\u017cenie zgody na warunki niniejszej Umowy.<\/p>\t\t\t\t\t\t\t\t<\/div>\n\t\t\t\t<\/div>\n\t\t\t\t<div class=\"elementor-element elementor-element-7b9cf66 elementor-widget__width-inherit elementor-widget-mobile__width-inherit elementor-widget elementor-widget-text-editor\" data-id=\"7b9cf66\" data-element_type=\"widget\" data-settings=\"{&quot;ekit_we_effect_on&quot;:&quot;none&quot;}\" data-widget_type=\"text-editor.default\">\n\t\t\t\t<div class=\"elementor-widget-container\">\n\t\t\t\t\t\t\t\t\t<div class=\"h3\">\n<h4>Profil u\u017cytkownika<\/h4>\n<p>Aby rozpocz\u0105\u0107 korzystanie z aplikacji, nale\u017cy si\u0119 zarejestrowa\u0107. Prosimy o podanie minimalnych informacji niezb\u0119dnych do pe\u0142nego korzystania z us\u0142ug naszej witryny internetowej, a mianowicie<\/p>\n<p>- imi\u0119 i nazwisko (mo\u017cliwa jest rejestracja pod fikcyjnym nazwiskiem)<br \/>- e-mail (mo\u017cesz utworzy\u0107 osobny e-mail wy\u0142\u0105cznie do rejestracji na naszej stronie internetowej)<br \/>- numer telefonu (niewymagany, ale po\u017c\u0105dany jako dodatkowy spos\u00f3b przekazywania informacji)<br \/>- strefa czasowa, w kt\u00f3rej b\u0119dziesz przebywa\u0107 podczas programu szkoleniowego (w celu terminowego po\u0142\u0105czenia programu i prawid\u0142owej zmiany tre\u015bci).<\/p>\n<\/div>\t\t\t\t\t\t\t\t<\/div>\n\t\t\t\t<\/div>\n\t\t\t\t<div class=\"elementor-element elementor-element-9eb4a53 elementor-widget__width-inherit elementor-widget-mobile__width-inherit elementor-widget elementor-widget-text-editor\" data-id=\"9eb4a53\" data-element_type=\"widget\" data-settings=\"{&quot;ekit_we_effect_on&quot;:&quot;none&quot;}\" data-widget_type=\"text-editor.default\">\n\t\t\t\t<div class=\"elementor-widget-container\">\n\t\t\t\t\t\t\t\t\t<div class=\"h3\">\n<h4 class=\"h3\">Wykorzystanie danych osobowych<\/h4>\n<p class=\"sm-text\">Gdy zaczniesz korzysta\u0107 z witryny, zidentyfikujemy Ci\u0119 po imieniu i nazwisku. W odniesieniu do u\u017cytkownika b\u0119dziemy przekazywa\u0107 zalecenia dotycz\u0105ce pomy\u015blnego uko\u0144czenia programu szkoleniowego, dostosowywa\u0107 jego dzia\u0142ania w trakcie procesu szkoleniowego i odpowiada\u0107 na wszelkie pytania. Adres e-mail podany podczas rejestracji b\u0119dzie s\u0142u\u017cy\u0142 nam jako \u015brodek komunikacji z Tob\u0105 i innymi u\u017cytkownikami witryny. B\u0119dziemy przesy\u0142a\u0107 Ci nasze rekomendacje, odpowiedzi na Twoje pytania, a tak\u017ce informacje o naszych promocjach i wydarzeniach za po\u015brednictwem poczty elektronicznej. Wybieraj\u0105c swoj\u0105 stref\u0119 czasow\u0105, okre\u015blasz czas rozpocz\u0119cia programu i czas dalszych zmian tre\u015bci.<\/p>\n<\/div>\t\t\t\t\t\t\t\t<\/div>\n\t\t\t\t<\/div>\n\t\t\t\t<div class=\"elementor-element elementor-element-e5f3219 elementor-widget__width-inherit elementor-widget-mobile__width-inherit elementor-widget elementor-widget-text-editor\" data-id=\"e5f3219\" data-element_type=\"widget\" data-settings=\"{&quot;ekit_we_effect_on&quot;:&quot;none&quot;}\" data-widget_type=\"text-editor.default\">\n\t\t\t\t<div class=\"elementor-widget-container\">\n\t\t\t\t\t\t\t\t\t<div class=\"h3\">\n<h4 class=\"h3\">Czas przechowywania danych osobowych<\/h4>\n<p class=\"sm-text\">Przechowujemy dane podane podczas rejestracji, a tak\u017ce pytania, opinie, sugestie, komentarze i \u017cyczenia nawet po zako\u0144czeniu korzystania z programu. Informacje te s\u0105 nam niezb\u0119dne do obliczania \u015brednich danych, identyfikowania niedoci\u0105gni\u0119\u0107 i ulepszania us\u0142ug programu, a tak\u017ce do identyfikowania sposob\u00f3w ulepszania programu szkoleniowego.<\/p>\n<\/div>\t\t\t\t\t\t\t\t<\/div>\n\t\t\t\t<\/div>\n\t\t\t\t<div class=\"elementor-element elementor-element-bcb3675 elementor-widget__width-inherit elementor-widget-mobile__width-inherit elementor-widget elementor-widget-text-editor\" data-id=\"bcb3675\" data-element_type=\"widget\" data-settings=\"{&quot;ekit_we_effect_on&quot;:&quot;none&quot;}\" data-widget_type=\"text-editor.default\">\n\t\t\t\t<div class=\"elementor-widget-container\">\n\t\t\t\t\t\t\t\t\t<h4 class=\"h3\">Przekazywanie informacji o u\u017cytkowniku<\/h4>\n<p class=\"sm-text\">Planujemy rozszerzy\u0107 zakres \u015bwiadczonych przez nas us\u0142ug, od tworzenia dodatkowych program\u00f3w po sprzeda\u017c powi\u0105zanych produkt\u00f3w. Konieczne b\u0119dzie zaanga\u017cowanie dodatkowych us\u0142ug i firm partnerskich. W zwi\u0105zku z tym podstawowe dane rejestracyjne u\u017cytkownika (imi\u0119 i nazwisko, numer telefonu i adres e-mail) mog\u0105 zosta\u0107 przekazane firmom partnerskim. Dane osobowe (na przyk\u0142ad zdj\u0119cie) b\u0119d\u0105 przekazywane wy\u0142\u0105cznie za zgod\u0105 u\u017cytkownika.<\/p>\t\t\t\t\t\t\t\t<\/div>\n\t\t\t\t<\/div>\n\t\t\t\t<div class=\"elementor-element elementor-element-1bc7064 elementor-widget__width-inherit elementor-widget-mobile__width-inherit elementor-widget elementor-widget-text-editor\" data-id=\"1bc7064\" data-element_type=\"widget\" data-settings=\"{&quot;ekit_we_effect_on&quot;:&quot;none&quot;}\" data-widget_type=\"text-editor.default\">\n\t\t\t\t<div class=\"elementor-widget-container\">\n\t\t\t\t\t\t\t\t\t<h4 class=\"h3\">Zmiana lub usuni\u0119cie danych osobowych<\/h4>\n<p class=\"sm-text\">Dajemy u\u017cytkownikowi mo\u017cliwo\u015b\u0107 korzystania z programu poprzez podanie minimalnej ilo\u015bci danych osobowych podczas rejestracji. Zaproponowali\u015bmy nawet utworzenie danych rejestracyjnych wy\u0142\u0105cznie w celu uko\u0144czenia programu, co wyklucza jak\u0105kolwiek identyfikacj\u0119 u\u017cytkownika jako osoby. Mo\u017cesz jednak usun\u0105\u0107 te informacje, je\u015bli chcesz, klikaj\u0105c przycisk \"Usu\u0144 konto\" na swoim koncie osobistym lub wysy\u0142aj\u0105c pro\u015bb\u0119 na adres info[at]yogawithkatrya.com. Jednocze\u015bnie nale\u017cy pami\u0119ta\u0107, \u017ce po usuni\u0119ciu konta dost\u0119p do programu zostanie zako\u0144czony.<\/p>\t\t\t\t\t\t\t\t<\/div>\n\t\t\t\t<\/div>\n\t\t\t\t<div class=\"elementor-element elementor-element-111561e elementor-widget__width-inherit elementor-widget-mobile__width-inherit elementor-widget elementor-widget-text-editor\" data-id=\"111561e\" data-element_type=\"widget\" data-settings=\"{&quot;ekit_we_effect_on&quot;:&quot;none&quot;}\" data-widget_type=\"text-editor.default\">\n\t\t\t\t<div class=\"elementor-widget-container\">\n\t\t\t\t\t\t\t\t\t<div class=\"section pp-seciton\">\n<div class=\"text-wrapper pp\">\n<h4 class=\"h3\">Pliki cookie<\/h4>\n<p class=\"sm-text\">Nasza strona u\u017cywa plik\u00f3w cookie. Pozwala nam to \u015bledzi\u0107 aktywno\u015b\u0107 u\u017cytkownik\u00f3w na stronie: identyfikowa\u0107 sekcje najcz\u0119\u015bciej odwiedzane przez u\u017cytkownik\u00f3w; artyku\u0142y, kt\u00f3re s\u0105 interesuj\u0105ce; tematy, kt\u00f3re s\u0105 aktywnie omawiane; filmy, kt\u00f3re maj\u0105 najwi\u0119cej wy\u015bwietle\u0144. W przysz\u0142o\u015bci te informacje statystyczne pomog\u0105 nam zidentyfikowa\u0107 sposoby rozwoju witryny i ulepszenia programu szkoleniowego. Informacje zebrane za pomoc\u0105 plik\u00f3w cookie b\u0119d\u0105 wykorzystywane wy\u0142\u0105cznie w naszej firmie i w \u017cadnym wypadku nie b\u0119d\u0105 ujawniane stronom trzecim.<\/p>\n<\/div>\n<\/div>\t\t\t\t\t\t\t\t<\/div>\n\t\t\t\t<\/div>\n\t\t\t\t<div class=\"elementor-element elementor-element-57659d4 elementor-widget__width-inherit elementor-widget-mobile__width-inherit elementor-widget elementor-widget-text-editor\" data-id=\"57659d4\" data-element_type=\"widget\" data-settings=\"{&quot;ekit_we_effect_on&quot;:&quot;none&quot;}\" data-widget_type=\"text-editor.default\">\n\t\t\t\t<div class=\"elementor-widget-container\">\n\t\t\t\t\t\t\t\t\t<div class=\"h3\"><h4>Twoje prawa<\/h4><p><span>Masz prawo \u017c\u0105da\u0107:<\/span><\/p><ul><li><span>dost\u0119pu do swoich danych osobowych, w tym uzyskania kopii swoich danych (art. 15 RODO lub, w stosownych przypadkach, art. 13 ust. 1 lit. f) RODO),<\/span><\/li><li><span>korekta (art. 16 RODO),<\/span><\/li><li><span>usuni\u0119cie (art. 17 RODO),<\/span><\/li><li><span>ograniczenie przetwarzania (art. 18 RODO),<\/span><\/li><li><span>przekazania danych innemu administratorowi (art. 20 RODO).<\/span><\/li><\/ul><p><span>A tak\u017ce prawo:<\/span><\/p><ul><li><span>sprzeciwi\u0107 si\u0119 przetwarzaniu danych w dowolnym momencie:<\/span><ul><li><span>z przyczyn zwi\u0105zanych z Twoj\u0105 szczeg\u00f3ln\u0105 sytuacj\u0105 - w zwi\u0105zku z przetwarzaniem Twoich danych osobowych na podstawie art. 6 ust. 1 lit. f) RODO (tj. naszych prawnie uzasadnionych interes\u00f3w), w tym profilowania (art. 21 ust. 1 RODO);<\/span><\/li><li><span>je\u017celi dane osobowe s\u0105 przetwarzane do cel\u00f3w marketingu bezpo\u015bredniego, w tym profilowania, w zakresie, w jakim przetwarzanie jest zwi\u0105zane z takim marketingiem bezpo\u015brednim (art. 21 ust. 2 RODO).<\/span><\/li><\/ul><\/li><\/ul><p><span>Skontaktuj si\u0119 z nami, je\u015bli chcesz skorzysta\u0107 ze swoich praw. U\u017cytkownik mo\u017ce odm\u00f3wi\u0107 korzystania przez nas z plik\u00f3w cookie (wi\u0119cej informacji na ten temat znajduje si\u0119 poni\u017cej), w szczeg\u00f3lno\u015bci za pomoc\u0105 odpowiednich ustawie\u0144 przegl\u0105darki.<\/span><\/p><p><span>Je\u017celi uwa\u017casz, \u017ce Twoje dane s\u0105 przetwarzane niezgodnie z prawem, mo\u017cesz wnie\u015b\u0107 skarg\u0119 do Prezesa Urz\u0119du Ochrony Danych Osobowych.<\/span><\/p><\/div>\t\t\t\t\t\t\t\t<\/div>\n\t\t\t\t<\/div>\n\t\t\t\t<div class=\"elementor-element elementor-element-b373c33 elementor-widget__width-inherit elementor-widget-mobile__width-inherit elementor-widget elementor-widget-text-editor\" data-id=\"b373c33\" data-element_type=\"widget\" data-settings=\"{&quot;ekit_we_effect_on&quot;:&quot;none&quot;}\" data-widget_type=\"text-editor.default\">\n\t\t\t\t<div class=\"elementor-widget-container\">\n\t\t\t\t\t\t\t\t\t<h4 class=\"h3\">Informacje o firmie:<\/h4>\n<p class=\"p1\">NIP 5732857659<br>42-229 Cz\u0119stochowa<br>ul. Jana D\u0105borowskiego 7<br>Regon 528436763<\/p>\n<p>Wszelkie uwagi dotycz\u0105ce pracy Atma Studio mo\u017cna zg\u0142asza\u0107 pisemnie w recepcji lub przes\u0142a\u0107 poczt\u0105 elektroniczn\u0105 na adres: <a href=\"mailto:atmastudio2024@gmail.com\">atmastudio2024@gmail.com<\/a><\/p>\t\t\t\t\t\t\t\t<\/div>\n\t\t\t\t<\/div>\n\t\t\t\t<\/div>\n\t\t\t\t<\/div>","protected":false},"excerpt":{"rendered":"<p>Polityka prywatno\u015bci Prosimy o uwa\u017cne przeczytanie niniejszych warunk\u00f3w przed rozpocz\u0119ciem przegl\u0105dania strony. Je\u015bli nie zgadzasz si\u0119 z tymi warunkami, nie korzystaj z tej witryny. Administratorem danych jest: Atma Studio JogiHanna LyzanetsNIP 5732857659 42-229 Cz\u0119stochowa ul.Jana D\u0105borowskiego 7 Regon 528436763 Ochrona danych odbywa si\u0119 zgodnie z wymogami powszechnie obowi\u0105zuj\u0105cych przepis\u00f3w prawa.  Wprowadzenie Prywatno\u015b\u0107 u\u017cytkownik\u00f3w serwisu https:\/\/atmastudio.online\/ jest dla nas bardzo wa\u017cna i [...]<\/p>","protected":false},"author":1,"featured_media":0,"parent":0,"menu_order":0,"comment_status":"closed","ping_status":"closed","template":"","meta":{"footnotes":""},"class_list":["post-3","page","type-page","status-publish","hentry"],"_links":{"self":[{"href":"https:\/\/atmastudio.online\/pl\/wp-json\/wp\/v2\/pages\/3","targetHints":{"allow":["GET"]}}],"collection":[{"href":"https:\/\/atmastudio.online\/pl\/wp-json\/wp\/v2\/pages"}],"about":[{"href":"https:\/\/atmastudio.online\/pl\/wp-json\/wp\/v2\/types\/page"}],"author":[{"embeddable":true,"href":"https:\/\/atmastudio.online\/pl\/wp-json\/wp\/v2\/users\/1"}],"replies":[{"embeddable":true,"href":"https:\/\/atmastudio.online\/pl\/wp-json\/wp\/v2\/comments?post=3"}],"version-history":[{"count":0,"href":"https:\/\/atmastudio.online\/pl\/wp-json\/wp\/v2\/pages\/3\/revisions"}],"wp:attachment":[{"href":"https:\/\/atmastudio.online\/pl\/wp-json\/wp\/v2\/media?parent=3"}],"curies":[{"name":"wp","href":"https:\/\/api.w.org\/{rel}","templated":true}]}}