{"id":390,"date":"2024-06-12T16:31:08","date_gmt":"2024-06-12T16:31:08","guid":{"rendered":"https:\/\/atmastudio.online\/?page_id=390"},"modified":"2024-09-04T21:50:19","modified_gmt":"2024-09-04T21:50:19","slug":"privacy-policy-2","status":"publish","type":"page","link":"https:\/\/atmastudio.online\/pl\/polityka-prywatnosci-2\/","title":{"rendered":"Regulamin"},"content":{"rendered":"<div data-elementor-type=\"wp-page\" data-elementor-id=\"390\" class=\"elementor elementor-390\" data-elementor-post-type=\"page\">\n\t\t\t\t<div class=\"elementor-element elementor-element-7dc71f85 e-con-full e-flex e-con e-parent\" data-id=\"7dc71f85\" data-element_type=\"container\" data-settings=\"{&quot;ekit_has_onepagescroll_dot&quot;:&quot;yes&quot;}\">\n\t\t<div class=\"elementor-element elementor-element-f3fa8d0 e-con-full e-flex elementor-invisible e-con e-child\" data-id=\"f3fa8d0\" data-element_type=\"container\" data-settings=\"{&quot;animation&quot;:&quot;fadeIn&quot;,&quot;animation_delay&quot;:0,&quot;ekit_has_onepagescroll_dot&quot;:&quot;yes&quot;}\">\n\t\t\t\t<div class=\"elementor-element elementor-element-eb5f6f6 elementor-widget elementor-widget-heading\" data-id=\"eb5f6f6\" data-element_type=\"widget\" data-settings=\"{&quot;ekit_we_effect_on&quot;:&quot;none&quot;}\" data-widget_type=\"heading.default\">\n\t\t\t\t<div class=\"elementor-widget-container\">\n\t\t\t\t\t<h2 class=\"elementor-heading-title elementor-size-default\">Regulamin<\/h2>\t\t\t\t<\/div>\n\t\t\t\t<\/div>\n\t\t\t\t<\/div>\n\t\t\t\t<div class=\"elementor-element elementor-element-e48f8bc elementor-widget__width-inherit elementor-widget-mobile__width-inherit elementor-widget elementor-widget-text-editor\" data-id=\"e48f8bc\" data-element_type=\"widget\" data-settings=\"{&quot;ekit_we_effect_on&quot;:&quot;none&quot;}\" data-widget_type=\"text-editor.default\">\n\t\t\t\t<div class=\"elementor-widget-container\">\n\t\t\t\t\t\t\t\t\t<p class=\"h3\"><strong>1. 1:<\/strong><br>Ka\u017cdy z uczestnik\u00f3w zaj\u0119\u0107 zobowi\u0105zany jest do:<br>Zapoznanie si\u0119 z niniejszym regulaminem i przestrzeganie jego zasad<br>zachowania ciszy, czysto\u015bci i porz\u0105dku w salach i przebieralniach<\/p>\n<p><strong>2. Zasady korzystania z systemu online do zapis\u00f3w:<\/strong><br>Dane s\u0105 dost\u0119pne za po\u015brednictwem systemu online<br>Na zaj\u0119ciach obowi\u0105zuje licencja na u\u017cywanie materia\u0142\u00f3w pylistych. W nawiasie miejscowo\u015b\u0107 jest wy\u015bwietlana<br>jest informacj\u0105 o komplecie.<br>Rezerwacca miejsca nast\u0119puje po:<br>\u25cb Op\u0142acie wej\u015bcia jednorazowego<br>Lub wykorzystanii wej\u015bcia z aktywnego kartana poprzez podanie kodu kartana.<br>\u25cb W przypadku kursu - po wp\u0142acie zadatku.<br>Wszystkie p\u0142atno\u015bci przyjmujemy drog\u0105 elektroniczn\u0105. Nie ma mo\u017cliwo\u015bci uszkodzenia urz\u0105dzenia na pod\u0142odze.<br>W przypadku noobecno\u015bci na wyk\u0142adzinie, owijki nie s\u0105 widoczne z wyk\u0142adziny.<br>je\u015bli wypisanie z zaj\u0119\u0107 nast\u0105pi do 4 godzin przed zaj\u0119ciami. Po podniesieniu tej obudowy jest ona gotowa do pracy.<br>Karnety s\u0105 ograniczone czasowo.<br>Wej\u015bcia z karnetu mo\u017cna u\u017cywa\u0107 tylko na zaj\u0119ciach karnetowych. Nie nale\u017cy u\u017cywa\u0107 tego samego wst\u0119pu na kursie.<br>Kartrid\u017c jest kupowany po wype\u0142nieniu pustego formularza kartrid\u017ca. Kod karnetu to przeszkadzaj\u0105ca luka<br>mailow\u0105.<\/p>\n<p><strong>3. Zasady uczestnictwa w zaj\u0119ciach karnetowych<\/strong><br>Na zaj\u0119cia prowadzone zapisy przez system online lub mailowo.<br>Link do listy u\u017cytkownik\u00f3w jest dodawany do listy u\u017cytkownik\u00f3w za pomoc\u0105 nast\u0119puj\u0105cego linku<br>system zapis\u00f3w lub otrzymanego drog\u0105 pocztow\u0105.<br>Je\u015bli w grupie nie ma ju\u017c wolnych miejsc, kolejni ch\u0119tni mog\u0105 zosta\u0107 wpisani na list\u0119 rezerwow\u0105 poprzez wys\u0142anie<br>pro\u015bby na <span style=\"color: #800000;\"><a style=\"color: #800000;\" href=\"mailto:atmastudio2024@gmail.com\"><strong>atmastudio2024@gmail.com<\/strong><\/a><\/span>&nbsp;- je\u015bli zwolni si\u0119 miejsce, to grupa mo\u017ce do\u0142\u0105czy\u0107 osob\u0119 z listy rezerwowej.<br>Karnety na zaj\u0119cia maj\u0105 d\u0142ugo\u015b\u0107 talii, kt\u00f3r\u0105 mo\u017cna zdj\u0105\u0107 ze strony. W przypadku awarii<br>wszystkich wej\u015b\u0107 z danego karnetu na zaj\u0119cia w terminie, nie przys\u0142uguje zwrot pieni\u0119dzy.<br>Karnety s\u0105 aktywne od dnia pierwszego wykorzystanego wej\u015bcia.<br>Posiadacze karnet\u00f3w do Stanu Skupienia otrzymuj\u0105 zni\u017ck\u0119 na wizyty w gabinecie osteopatycznym, dzia\u0142aj\u0105cym na<br>terenie Stanu Skupienia.<\/p>\n<p><strong>4. Zasady uczestnictwa w kursach i warsztatach<\/strong><br>kurs jest wa\u017cnym kursem. W przypadku uczestnik\u00f3w, kt\u00f3rzy ju\u017c uko\u0144czyli kurs, bior\u0105 na siebie<br>konsekwencje ewentualnych nieobecno\u015bci i zmian plan\u00f3w \u017cyciowych.<br>Zadatek gwarantuje miejsce na li\u015bcie uczestnik\u00f3w. Urz\u0105dzenie nie jest obj\u0119te gwarancj\u0105.<br>Rezygnacja z kursu lub warsztatu jest mo\u017cliwa w ka\u017cdym momencie. Jednak zadatek pozostaje bezzwrotny,<br>Dop\u0142ata do zadatku podlega zwrotowi maksymalnie do 48 godzin przed rozpocz\u0119ciem kursu.<br>w przypadku niespe\u0142nienia wymaga\u0144 kursu, kurs nie jest dost\u0119pny bezp\u0142atnie<br>mo\u017cliwo\u015b\u0107 uczestniczenia (odrobienia) w zaj\u0119ciach kolejnego kursu lub warsztatu<br>Warunkiem uczestnictwa w zaj\u0119ciach jest:<br>wyczyszczenie danych w rezerwacji miejsca i uregulowanie pozosta\u0142ej cz\u0119\u015bci op\u0142aty przed rozpocz\u0119ciem zaj\u0119\u0107<br>wype\u0142nienie i odes\u0142anie podpisanego kwestionariusza osobowego przed rozpocz\u0119ciem kursu lub przyniesienie go<br>na pierwsze zaj\u0119cia;<br>informowanie o ewentualnych kontuzjach, chorobach, przyjmowanych lekach, terapiach, oraz<br>podanie innych wa\u017cnych informacji.<br>Ka\u017cdy z uczestnik\u00f3w zobowi\u0105zuje si\u0119 do s\u0142uchania instrukcji, przestrzegania zasad bezpiecze\u0144stwa<br>i wykonywania polece\u0144 nauczyciela.<br>Uczestnicy mog\u0105 by\u0107 usuwani z pomosh za pomoc\u0105 no\u017ca, gdy nie znajduj\u0105 si\u0119 na miejscu (kose, wa\u0142ki, pianki, paski).<br>Na miejscu mo\u017cna skorzysta\u0107 z nie bia\u0142ej maty z bia\u0142ym poleceniem.<br>W szkole Strefa Ciszy oferuje informacje na temat korzystania z telefon\u00f3w kom\u00f3rkowych (d\u017awi\u0119k i wibracja),<br>lub prze\u0142\u0105czenie na tryb samolotowy) oraz ciche rozmowy.<br>Uczestnik\u00f3w prosimy o informowanie o ewentualno\u015bci na zaj\u0119ciach kursowych<\/p>\n<p><strong>5. Procedura reklamacyjna<\/strong><\/p>\n<p>Procedura Cel i Zakres: Ta cz\u0119\u015b\u0107 procedury s\u0142u\u017cy okre\u015bleniu procedury rekultywacji lub analizie ewidencji rekultywacji i pracy lub okre\u015bleniu liczby przypadk\u00f3w koryguj\u0105cych i zapobiegawczych.<\/p>\n<p>Opis post\u0119powania:<\/p>\n<p>Przebieg procesu reklamacji:<\/p>\n<ol>\n<li>Zarejestrowanie reklamacji zg\u0142oszonej w ustawowym terminie w formie pisemnej przes\u0142anej poczt\u0105 tradycyjn\u0105 lub na adres mailowy<br>\n<p class=\"p1\"><a href=\"mailto:atmastudio2024@gmail.com\">atmastudio2024@gmail.com<\/a><\/p>\n<\/li>\n<li>Przeanalizowanie reklam pod wzgl\u0119dem formalnym\n<ol>\n<li>Akceptacja formalnej rekultywacji i przygotowanie do analizy wynik\u00f3w<\/li>\n<li>Odrzucenie bez rozpatrywania z powodu brak\u00f3w formalnych<\/li>\n<\/ol>\n<\/li>\n<li>Analiza reklam pod wzgl\u0119dem merytorycznym\n<ol>\n<li>Przyj\u0119cie rekultywacji mertorium i powiadomienie o przetwarzaniu<\/li>\n<li>Brak uznania reklamacji<\/li>\n<\/ol>\n<\/li>\n<li>Ustalenie propozycji rozwi\u0105zania problemu zg\u0142oszonego w reklamacji i przedstawienie jej Klientowi\n<ol>\n<li>Akceptacja przez klienta propozycji rozwi\u0105zania problemu i zako\u0144czenia procesu rekultywacji.<\/li>\n<li>Hamulec akceptacji i przekazanie sprawy<\/li>\n<\/ol>\n<\/li>\n<li>Analiza szczeg\u00f3\u0142owego procesu rekultywacji<\/li>\n<li>Kontakt z klientem w celu ustalenia propozycji rozwi\u0105zania problemu zg\u0142oszonego w reklamacji<\/li>\n<li>Zamkni\u0119cie procesu reklamacji<\/li>\n<li>Podj\u0119cie dzia\u0142a\u0144 koryguj\u0105cych (np. weryfikacja opis\u00f3w, oznacze\u0144, ostrze\u017ce\u0144, innych), inne, zgodnie z wymogami<\/li>\n<\/ol>\n<ol>\n<li style=\"list-style-type: none;\">\n<ol>\n<li>Ka\u017cdy Klient ma prawo do z\u0142o\u017cenia reklam dotycz\u0105cych zakupionych us\u0142ug w terminie 14 dni roboczych od daty zakupu<\/li>\n<li>Termin na zg\u0142oszenie reklamacji wynosi 14 dni od daty zg\u0142oszenia reklamacji na przekazanie klientowi informacji o przyj\u0119ciu problemu lub jego rozwi\u0105zaniu.<br>Je\u017celi reklamacja nie zostanie rozpatrzona w ci\u0105gu 14 dni roboczych to uznaje si\u0119 j\u0105 za uznan\u0105. Je\u017celi reklamacja nie zostanie rozpatrzona w ci\u0105gu 14 dni roboczych to uznaje si\u0119 j\u0105 za uznan\u0105. Mo\u017cna r\u00f3wnie\u017c sprawdzi\u0107 status konta klienta, aby zobaczy\u0107, czy prowadzony jest szczeg\u00f3\u0142owy dialog z firm\u0105. W\u00f3wczas proces reklamacji zostaje zako\u0144czony.<\/li>\n<li>Dokumenty zwi\u0105zane z funkcjonowaniem procedury Zg\u0142oszenie reklamowe powinno zawiera\u0107:\n<ol>\n<li>o nazw\u0119\/imi\u0119 i nazwisko Kupuj\u0105cego;<\/li>\n<li>siedziby\/zamieszkania\/adresy do dor\u0119cze\u0144 Kupuj\u0105cego<\/li>\n<\/ol>\n<\/li>\n<\/ol>\n<\/li>\n<\/ol>\n<ul>\n<li>przedmiot reklamacji (pe\u0142na nazwa us\u0142ugi, termin i miejsce zakupu, potwierdzone paragonem lub faktur\u0105);<\/li>\n<\/ul>\n<ol>\n<li>o uzasadnienie merytoryczne i formalne reklamacji wym czytelne wskazanie przyczyny reklamacji i\/lub inne uprawdopodobnienie przes\u0142anych informacji: zdj\u0119cia, opisy<\/li>\n<li>ostrze\u017cenia o problemie z Kupuj\u0105cego satysfakcjonuj\u0105cego\/oczekiwanego rozwi\u0105zania wskazanego w reklamacji.<\/li>\n<\/ol>\n<p>Powszechne wycofanie produktu i jego powszechne stosowanie mo\u017ce nast\u0105pi\u0107 w momencie u\u017cycia. Brak przes\u0142ania pe\u0142nych informacji uniemo\u017cliwi weryfikacj\u0119 reklamowanego produktu lub\/i nast\u0105pienia opisywanego przez Kupuj\u0105cego zdarzenia co czyni uniemo\u017cliwym poprawne ustosunkowanie si\u0119 do problemu.<\/p>\n<p>Reklamacja mo\u017ce by\u0107 z\u0142o\u017cona w dowolnych formu\u0142ach bez u\u017cycia formularza reklamacyjnego ole zawsze w formie pisemnej: mailowo lub listownie.<\/p>\n<p class=\"p1\" style=\"margin: 0px; font-variant-numeric: normal; font-variant-east-asian: normal; font-variant-alternates: normal; font-size-adjust: none; font-kerning: auto; font-optical-sizing: auto; font-feature-settings: normal; font-variation-settings: normal; font-variant-position: normal; font-stretch: normal; font-size: 13px; line-height: normal; font-family: 'Helvetica Neue'; color: #000000;\">NIP 5732857659<\/p>\n<p class=\"p1\" style=\"margin: 0px; font-variant-numeric: normal; font-variant-east-asian: normal; font-variant-alternates: normal; font-size-adjust: none; font-kerning: auto; font-optical-sizing: auto; font-feature-settings: normal; font-variation-settings: normal; font-variant-position: normal; font-stretch: normal; font-size: 13px; line-height: normal; font-family: 'Helvetica Neue'; color: #000000;\">42-229 Cz\u0119stochowa<\/p>\n<p class=\"p1\" style=\"margin: 0px; font-variant-numeric: normal; font-variant-east-asian: normal; font-variant-alternates: normal; font-size-adjust: none; font-kerning: auto; font-optical-sizing: auto; font-feature-settings: normal; font-variation-settings: normal; font-variant-position: normal; font-stretch: normal; font-size: 13px; line-height: normal; font-family: 'Helvetica Neue'; color: #000000;\">ul. Jana D\u0105borowskiego 7<\/p>\n<p class=\"p1\" style=\"margin: 0px; font-variant-numeric: normal; font-variant-east-asian: normal; font-variant-alternates: normal; font-size-adjust: none; font-kerning: auto; font-optical-sizing: auto; font-feature-settings: normal; font-variation-settings: normal; font-variant-position: normal; font-stretch: normal; font-size: 13px; line-height: normal; font-family: 'Helvetica Neue'; color: #000000;\">Regon 528436763<\/p>\t\t\t\t\t\t\t\t<\/div>\n\t\t\t\t<\/div>\n\t\t\t\t<\/div>\n\t\t\t\t<\/div>","protected":false},"excerpt":{"rendered":"<p>Regulamin 1. Zasady og\u00f3lne:Ka\u017cdy z uczestnik\u00f3w zaj\u0119\u0107 zobowi\u0105zany jest do:\u25cf zapoznania si\u0119 z niniejszym regulaminem i przestrzegania jego zasad\u25cf zachowania [&hellip;]<\/p>","protected":false},"author":1,"featured_media":0,"parent":0,"menu_order":0,"comment_status":"closed","ping_status":"closed","template":"","meta":{"footnotes":""},"class_list":["post-390","page","type-page","status-publish","hentry"],"_links":{"self":[{"href":"https:\/\/atmastudio.online\/pl\/wp-json\/wp\/v2\/pages\/390","targetHints":{"allow":["GET"]}}],"collection":[{"href":"https:\/\/atmastudio.online\/pl\/wp-json\/wp\/v2\/pages"}],"about":[{"href":"https:\/\/atmastudio.online\/pl\/wp-json\/wp\/v2\/types\/page"}],"author":[{"embeddable":true,"href":"https:\/\/atmastudio.online\/pl\/wp-json\/wp\/v2\/users\/1"}],"replies":[{"embeddable":true,"href":"https:\/\/atmastudio.online\/pl\/wp-json\/wp\/v2\/comments?post=390"}],"version-history":[{"count":0,"href":"https:\/\/atmastudio.online\/pl\/wp-json\/wp\/v2\/pages\/390\/revisions"}],"wp:attachment":[{"href":"https:\/\/atmastudio.online\/pl\/wp-json\/wp\/v2\/media?parent=390"}],"curies":[{"name":"wp","href":"https:\/\/api.w.org\/{rel}","templated":true}]}}