{"id":940,"date":"2025-07-06T12:02:18","date_gmt":"2025-07-06T12:02:18","guid":{"rendered":"https:\/\/atmastudio.online\/?page_id=940"},"modified":"2025-07-06T12:08:54","modified_gmt":"2025-07-06T12:08:54","slug":"blog","status":"publish","type":"page","link":"https:\/\/atmastudio.online\/pl\/blog\/","title":{"rendered":"Blog"},"content":{"rendered":"<div data-elementor-type=\"wp-page\" data-elementor-id=\"940\" class=\"elementor elementor-940\" data-elementor-post-type=\"page\">\n\t\t\t\t<div class=\"elementor-element elementor-element-88c4bfb e-flex e-con-boxed e-con e-parent\" data-id=\"88c4bfb\" data-element_type=\"container\" data-settings=\"{&quot;ekit_has_onepagescroll_dot&quot;:&quot;yes&quot;}\">\n\t\t\t\t\t<div class=\"e-con-inner\">\n\t\t\t\t\t<\/div>\n\t\t\t\t<\/div>\n\t\t<div class=\"elementor-element elementor-element-b49d988 e-flex e-con-boxed e-con e-parent\" data-id=\"b49d988\" data-element_type=\"container\" data-settings=\"{&quot;ekit_has_onepagescroll_dot&quot;:&quot;yes&quot;}\">\n\t\t\t\t\t<div class=\"e-con-inner\">\n\t\t\t\t<div class=\"elementor-element elementor-element-fd327e2 elementor-widget elementor-widget-elementskit-blog-posts\" data-id=\"fd327e2\" data-element_type=\"widget\" data-settings=\"{&quot;ekit_we_effect_on&quot;:&quot;none&quot;}\" data-widget_type=\"elementskit-blog-posts.default\">\n\t\t\t\t<div class=\"elementor-widget-container\">\n\t\t\t\t\t<div class=\"ekit-wid-con\" >\n        <div id=\"post-items--fd327e2\" class=\"row post-items ekit-blog-posts-content wihout-masonry\" data-enable=\"no\">\n\n\t\t\t<!-- Blog Carousel markup render -->\n\t\t\t\n\n            <div class=\"col-md-12\">\n\n                                    <div class=\"elementskit-blog-block-post\">\n                        <div class=\"row no-gutters\">\n                                                            <div class=\"col-md-6 order-1\">\n                                    <a href=\"https:\/\/atmastudio.online\/pl\/\u043a\u0443\u0440\u0441-\u0446\u0432\u044f\u0445\u043e\u0441\u0442\u043e\u044f\u043d\u043d\u044f-\u0432-atma-studio\/\" class=\"elementskit-entry-thumb\">\n                                        <img decoding=\"async\" src=\"https:\/\/atmastudio.online\/wp-content\/uploads\/2025\/07\/2025-07-06-12.39.57-768x1152.jpg\" alt=\"Kurs stania na gwo\u017adziach w ATMA Studio\">\n                                    <\/a><!-- .elementskit-entry-thumb END -->\n                                <\/div>\n                            \n                            <div class=\"col-md-6 order-2\">\n                                <div class=\"elementskit-post-body\">\n                                    <div class=\"elementskit-entry-header\">\n                                        \n                                                                                                                                                                        \n                                            \n                                                                                                            <h2 class=\"entry-title\">\n                    <a href=\"https:\/\/atmastudio.online\/pl\/\u043a\u0443\u0440\u0441-\u0446\u0432\u044f\u0445\u043e\u0441\u0442\u043e\u044f\u043d\u043d\u044f-\u0432-atma-studio\/\">\n                            Kurs stania na gwo\u017adziach w ATMA Studio                    <\/a>\n                <\/h2>\n                                                                                                <\/div><!-- .elementskit-entry-header END -->\n\n                                                                            <div class=\"elementskit-post-footer\">\n                                                                                            <p>Stanie na gwo\u017adziach to nie tylko praktyka silnej woli.\nTo droga do g\u0142\u0119bokiego kontaktu ze sob\u0105, cia\u0142em i pod\u015bwiadomo\u015bci\u0105.<\/p>\n                                                                                                                                <\/div><!-- .elementskit-post-footer END -->\n                                                                    <\/div><!-- .elementskit-post-body END -->\n                            <\/div>\n                        <\/div>\n                    <\/div><!-- .elementskit-blog-block-post .radius .gradient-bg END -->\n                \n            <\/div>\t\t\t\t        <\/div>\n        \n        \n        <\/div>\t\t\t\t<\/div>\n\t\t\t\t<\/div>\n\t\t\t\t\t<\/div>\n\t\t\t\t<\/div>\n\t\t\t\t<\/div>","protected":false},"excerpt":{"rendered":"<p>\u041a\u0443\u0440\u0441 \u0446\u0432\u044f\u0445\u043e\u0441\u0442\u043e\u044f\u043d\u043d\u044f \u0432 ATMA Studio \u0426\u0432\u044f\u0445\u043e\u0441\u0442\u043e\u044f\u043d\u043d\u044f \u2014 \u0446\u0435 \u043d\u0435 \u043f\u0440\u043e\u0441\u0442\u043e \u043f\u0440\u0430\u043a\u0442\u0438\u043a\u0430 \u0441\u0438\u043b\u0438 \u0432\u043e\u043b\u0456. \u0426\u0435 \u0448\u043b\u044f\u0445 \u0434\u043e \u0433\u043b\u0438\u0431\u043e\u043a\u043e\u0433\u043e \u043a\u043e\u043d\u0442\u0430\u043a\u0442\u0443 \u0437 \u0441\u043e\u0431\u043e\u044e, [&hellip;] <\/p>","protected":false},"author":2,"featured_media":0,"parent":0,"menu_order":0,"comment_status":"closed","ping_status":"closed","template":"","meta":{"footnotes":""},"class_list":["post-940","page","type-page","status-publish","hentry"],"_links":{"self":[{"href":"https:\/\/atmastudio.online\/pl\/wp-json\/wp\/v2\/pages\/940","targetHints":{"allow":["GET"]}}],"collection":[{"href":"https:\/\/atmastudio.online\/pl\/wp-json\/wp\/v2\/pages"}],"about":[{"href":"https:\/\/atmastudio.online\/pl\/wp-json\/wp\/v2\/types\/page"}],"author":[{"embeddable":true,"href":"https:\/\/atmastudio.online\/pl\/wp-json\/wp\/v2\/users\/2"}],"replies":[{"embeddable":true,"href":"https:\/\/atmastudio.online\/pl\/wp-json\/wp\/v2\/comments?post=940"}],"version-history":[{"count":5,"href":"https:\/\/atmastudio.online\/pl\/wp-json\/wp\/v2\/pages\/940\/revisions"}],"predecessor-version":[{"id":948,"href":"https:\/\/atmastudio.online\/pl\/wp-json\/wp\/v2\/pages\/940\/revisions\/948"}],"wp:attachment":[{"href":"https:\/\/atmastudio.online\/pl\/wp-json\/wp\/v2\/media?parent=940"}],"curies":[{"name":"wp","href":"https:\/\/api.w.org\/{rel}","templated":true}]}}